{"id":85,"date":"2010-12-21T18:23:59","date_gmt":"2010-12-21T18:23:59","guid":{"rendered":"http:\/\/magyar.org\/"},"modified":"2018-08-08T16:30:13","modified_gmt":"2018-08-08T16:30:13","slug":"hungarian-folkdance-and-folk-music-symposium","status":"publish","type":"page","link":"https:\/\/magyar.org\/index.php\/hungarian-folkdance-and-folk-music-symposium\/","title":{"rendered":"Hungarian Folkdance and Folk Music Symposium"},"content":{"rendered":"<p><span style=\"font-size: medium;\"><strong>ABOUT THE HUNGARIAN FOLKDANCE and FOLK MUSIC SYMPOSIUM<\/strong><\/span><br \/>\n<a href=\"http:\/\/new.magyar.org\/wp-content\/uploads\/2010\/12\/LAGZI3.jpg\"><img loading=\"lazy\" decoding=\"async\" class=\"alignright wp-image-92 size-medium\" style=\"margin-top: 15px; margin-bottom: 55px;\" title=\"LAGZI3\" src=\"http:\/\/new.magyar.org\/wp-content\/uploads\/2010\/12\/LAGZI3-213x300.jpg\" alt=\"\" width=\"213\" height=\"300\" srcset=\"https:\/\/magyar.org\/wp-content\/uploads\/2010\/12\/LAGZI3-213x300.jpg 213w, https:\/\/magyar.org\/wp-content\/uploads\/2010\/12\/LAGZI3.jpg 297w\" sizes=\"auto, (max-width: 213px) 100vw, 213px\" \/><\/a><br \/>\nSince 1978 the SYMPOSIUM is a biennial gathering of Hungarian folkdance and folk music lovers in North America. Workshops are held each morning and afternoon, and every day ends with a T\u00c1NCH\u00c1Z [improvised folk dance party]. Although teaching is aimed at the intermediate \/ advanced level, the dialect instructions will always start with basics, which allows beginners to learn the material well. Special workshops, lectures and activities are scheduled for every interest especially for the beginners and young teenagers. Material from previous Symposiums will also be reviewed. The best part of the week long fun is that the place becomes an instant community, a &#8220;Who&#8217;s Who in Hungarian Folkdance in America&#8221;. Do not miss out, sign up early, since registration may be limited.<\/p>\n<p>ADVISORY COMMITTEE<\/p>\n<p>K\u00e1lm\u00e1n Dreisziger with Roger Cooper, G\u00e1bor Dobi, D\u00e9nes Dreisziger, Linda Enyedi, Cathy Lamont, Judy Olson, Rudy Petke, Eszti Pigniczky, Dan Talmo, Paula White<\/p>\n<p>OPERATING COMMITTEE<\/p>\n<p>K\u00e1lm\u00e1n Magyar, Judith Magyar, K\u00e1lm\u00e1n Magyar Jr, Beatrix Magyar-Nagy, L\u00e1szl\u00f3 Hajd\u00fa-N\u00e9meth<\/p>\n<p>A limited number of scholarships are available. Please contact the Operating Committee to apply. Selected scholarship recipients are expected to perform and help out with chores during the camp.<\/p>\nngg_shortcode_0_placeholder\n","protected":false},"excerpt":{"rendered":"<p>ABOUT THE HUNGARIAN FOLKDANCE and FOLK MUSIC SYMPOSIUM Since 1978 the SYMPOSIUM is a biennial gathering of Hungarian folkdance and folk music lovers in North America. Workshops are held each morning and afternoon, and every day ends with a T\u00c1NCH\u00c1Z [improvised folk dance party]. Although teaching is aimed at the intermediate \/ advanced level, the [&hellip;]<\/p>\n","protected":false},"author":1,"featured_media":92,"parent":0,"menu_order":0,"comment_status":"closed","ping_status":"closed","template":"","meta":{"ngg_post_thumbnail":0,"footnotes":""},"class_list":["post-85","page","type-page","status-publish","has-post-thumbnail","hentry"],"_links":{"self":[{"href":"https:\/\/magyar.org\/index.php\/wp-json\/wp\/v2\/pages\/85","targetHints":{"allow":["GET"]}}],"collection":[{"href":"https:\/\/magyar.org\/index.php\/wp-json\/wp\/v2\/pages"}],"about":[{"href":"https:\/\/magyar.org\/index.php\/wp-json\/wp\/v2\/types\/page"}],"author":[{"embeddable":true,"href":"https:\/\/magyar.org\/index.php\/wp-json\/wp\/v2\/users\/1"}],"replies":[{"embeddable":true,"href":"https:\/\/magyar.org\/index.php\/wp-json\/wp\/v2\/comments?post=85"}],"version-history":[{"count":1,"href":"https:\/\/magyar.org\/index.php\/wp-json\/wp\/v2\/pages\/85\/revisions"}],"predecessor-version":[{"id":143,"href":"https:\/\/magyar.org\/index.php\/wp-json\/wp\/v2\/pages\/85\/revisions\/143"}],"wp:featuredmedia":[{"embeddable":true,"href":"https:\/\/magyar.org\/index.php\/wp-json\/wp\/v2\/media\/92"}],"wp:attachment":[{"href":"https:\/\/magyar.org\/index.php\/wp-json\/wp\/v2\/media?parent=85"}],"curies":[{"name":"wp","href":"https:\/\/api.w.org\/{rel}","templated":true}]}}